{"id":121,"date":"2017-09-21T08:21:43","date_gmt":"2017-09-21T08:21:43","guid":{"rendered":"http:\/\/comflue.es\/?page_id=121"},"modified":"2018-04-22T12:46:16","modified_gmt":"2018-04-22T12:46:16","slug":"diseno-e-implementacion-de-sistemas-de-gestion-de-la-convivencia","status":"publish","type":"page","link":"https:\/\/comflue.es\/index.php\/diseno-e-implementacion-de-sistemas-de-gestion-de-la-convivencia\/","title":{"rendered":"Dise\u00f1o e implementaci\u00f3n de sistemas de gesti\u00f3n de la convivencia"},"content":{"rendered":"<p>&nbsp;<\/p>\n<p><img loading=\"lazy\" class=\" wp-image-140 alignright\" src=\"http:\/\/comflue.es\/wp-content\/uploads\/2017\/09\/providence-doucet-87304-300x199.jpg\" alt=\"\" width=\"207\" height=\"137\" srcset=\"https:\/\/comflue.es\/wp-content\/uploads\/2017\/09\/providence-doucet-87304-300x199.jpg 300w, https:\/\/comflue.es\/wp-content\/uploads\/2017\/09\/providence-doucet-87304-768x511.jpg 768w, https:\/\/comflue.es\/wp-content\/uploads\/2017\/09\/providence-doucet-87304-1024x681.jpg 1024w, https:\/\/comflue.es\/wp-content\/uploads\/2017\/09\/providence-doucet-87304-207x136.jpg 207w, https:\/\/comflue.es\/wp-content\/uploads\/2017\/09\/providence-doucet-87304-140x94.jpg 140w, https:\/\/comflue.es\/wp-content\/uploads\/2017\/09\/providence-doucet-87304-430x283.jpg 430w\" sizes=\"(max-width: 207px) 100vw, 207px\" \/><\/p>\n<p style=\"text-align: justify;\">En el d\u00eda a d\u00eda de cualquier organizaci\u00f3n, desde una empresa a un centro escolar, pueden surgir desavenencias que afecten a la convivencia y al rendimiento.<\/p>\n<p style=\"text-align: justify;\">Estos conflictos pueden prevenirse y gestionarse de forma positiva y eficiente a trav\u00e9s de <strong>sistemas integrados de mediaci\u00f3n<\/strong>, en los que, personas pertenecientes a la organizaci\u00f3n, formadas en habilidades y t\u00e9cnicas mediadoras, act\u00faen fomentando el di\u00e1logo constructivo y la cooperaci\u00f3n.<\/p>\n<p style=\"text-align: justify;\"><img loading=\"lazy\" class=\" wp-image-147 alignleft\" src=\"http:\/\/comflue.es\/wp-content\/uploads\/2017\/09\/people-2569234_1920-300x205.jpg\" alt=\"\" width=\"186\" height=\"127\" srcset=\"https:\/\/comflue.es\/wp-content\/uploads\/2017\/09\/people-2569234_1920-300x205.jpg 300w, https:\/\/comflue.es\/wp-content\/uploads\/2017\/09\/people-2569234_1920-768x524.jpg 768w, https:\/\/comflue.es\/wp-content\/uploads\/2017\/09\/people-2569234_1920-1024x699.jpg 1024w, https:\/\/comflue.es\/wp-content\/uploads\/2017\/09\/people-2569234_1920.jpg 1920w\" sizes=\"(max-width: 186px) 100vw, 186px\" \/>La mediaci\u00f3n en las organizaciones ofrece una mejora en la comunicaci\u00f3n entre personas y equipos, un cambio en la forma de afrontar las diferencias de una forma inclusiva y auto-responsable.<\/p>\n<p>&nbsp;<\/p>\n","protected":false},"excerpt":{"rendered":"<p>&nbsp; En el d\u00eda a d\u00eda de cualquier organizaci\u00f3n, desde una empresa a un centro escolar, pueden surgir desavenencias que afecten a la convivencia y al rendimiento. Estos conflictos pueden prevenirse y gestionarse de forma positiva y eficiente a trav\u00e9s de sistemas integrados de mediaci\u00f3n, en los que, personas pertenecientes a la organizaci\u00f3n, formadas en [&hellip;]<\/p>\n","protected":false},"author":1,"featured_media":0,"parent":0,"menu_order":0,"comment_status":"closed","ping_status":"closed","template":"page-full.php","meta":[],"_links":{"self":[{"href":"https:\/\/comflue.es\/index.php\/wp-json\/wp\/v2\/pages\/121"}],"collection":[{"href":"https:\/\/comflue.es\/index.php\/wp-json\/wp\/v2\/pages"}],"about":[{"href":"https:\/\/comflue.es\/index.php\/wp-json\/wp\/v2\/types\/page"}],"author":[{"embeddable":true,"href":"https:\/\/comflue.es\/index.php\/wp-json\/wp\/v2\/users\/1"}],"replies":[{"embeddable":true,"href":"https:\/\/comflue.es\/index.php\/wp-json\/wp\/v2\/comments?post=121"}],"version-history":[{"count":9,"href":"https:\/\/comflue.es\/index.php\/wp-json\/wp\/v2\/pages\/121\/revisions"}],"predecessor-version":[{"id":238,"href":"https:\/\/comflue.es\/index.php\/wp-json\/wp\/v2\/pages\/121\/revisions\/238"}],"wp:attachment":[{"href":"https:\/\/comflue.es\/index.php\/wp-json\/wp\/v2\/media?parent=121"}],"curies":[{"name":"wp","href":"https:\/\/api.w.org\/{rel}","templated":true}]}}