{"id":257,"date":"2018-05-12T20:05:51","date_gmt":"2018-05-12T20:05:51","guid":{"rendered":"http:\/\/comflue.es\/?page_id=257"},"modified":"2018-05-12T20:25:56","modified_gmt":"2018-05-12T20:25:56","slug":"proteccion-de-datos","status":"publish","type":"page","link":"https:\/\/comflue.es\/index.php\/proteccion-de-datos\/","title":{"rendered":"Protecci\u00f3n de datos"},"content":{"rendered":"<p style=\"text-align: justify;\"><span style=\"font-size: 10pt;\">En cumplimiento con lo dispuesto en el articulo 5 de la Lei Org\u00e1nica 15\/1999, de 13 de Diciembre, de Proteccion de Datos de Car\u00e1cter Personal, se informa que los datos personales facilitados se integrar\u00e1n en un fichero de responsablidad de las mediadoras con el fin de gestionar el servicio de mediaci\u00f3n solicitado. Asimismo se informa que las mediadoras no comunicar\u00e1n los datos a terceros sin su consentimiento, salvo en aquellos casos previstos en la Ley. Se garantiza que los datos ser\u00e1n protegicos con la m\u00e1xima privacidad y confidencialidad, conforme a la normativa de protecci\u00f3n de datos. El afectado o afectada puede ejercer sus derechos de acceso, rectificaci\u00f3n, cancelaci\u00f3n u oposici\u00f3n mediante comunicaci\u00f3n escrita y acompa\u00f1ada de fotocopia del DNI, o documento equilavente, dirigida a las mediadoras (R\u00faa Xeneral Pardi\u00f1as, 5, 1\u00baA, Santiago de Compostela).<\/span><\/p>\n","protected":false},"excerpt":{"rendered":"<p>En cumplimiento con lo dispuesto en el articulo 5 de la Lei Org\u00e1nica 15\/1999, de 13 de Diciembre, de Proteccion de Datos de Car\u00e1cter Personal, se informa que los datos personales facilitados se integrar\u00e1n en un fichero de responsablidad de las mediadoras con el fin de gestionar el servicio de mediaci\u00f3n solicitado. Asimismo se informa [&hellip;]<\/p>\n","protected":false},"author":1,"featured_media":0,"parent":0,"menu_order":0,"comment_status":"closed","ping_status":"closed","template":"page-full.php","meta":[],"_links":{"self":[{"href":"https:\/\/comflue.es\/index.php\/wp-json\/wp\/v2\/pages\/257"}],"collection":[{"href":"https:\/\/comflue.es\/index.php\/wp-json\/wp\/v2\/pages"}],"about":[{"href":"https:\/\/comflue.es\/index.php\/wp-json\/wp\/v2\/types\/page"}],"author":[{"embeddable":true,"href":"https:\/\/comflue.es\/index.php\/wp-json\/wp\/v2\/users\/1"}],"replies":[{"embeddable":true,"href":"https:\/\/comflue.es\/index.php\/wp-json\/wp\/v2\/comments?post=257"}],"version-history":[{"count":1,"href":"https:\/\/comflue.es\/index.php\/wp-json\/wp\/v2\/pages\/257\/revisions"}],"predecessor-version":[{"id":258,"href":"https:\/\/comflue.es\/index.php\/wp-json\/wp\/v2\/pages\/257\/revisions\/258"}],"wp:attachment":[{"href":"https:\/\/comflue.es\/index.php\/wp-json\/wp\/v2\/media?parent=257"}],"curies":[{"name":"wp","href":"https:\/\/api.w.org\/{rel}","templated":true}]}}