{"id":263,"date":"2018-05-12T20:40:14","date_gmt":"2018-05-12T20:40:14","guid":{"rendered":"http:\/\/comflue.es\/?page_id=263"},"modified":"2018-05-12T21:42:40","modified_gmt":"2018-05-12T21:42:40","slug":"politica-de-cookies","status":"publish","type":"page","link":"https:\/\/comflue.es\/index.php\/politica-de-cookies\/","title":{"rendered":"Pol\u00edtica de Cookies"},"content":{"rendered":"<p style=\"text-align: justify;\">En cumplimiento de la Ley 34\/2002, de 11 de julio, de Servicio de la Sociedad de la Informaci\u00f3n y Comercio Electr\u00f3nico, le informamos que la p\u00e1gina web de Comflue utiliza cookies con el fin de mejorar y facilitar la navegaci\u00f3n de los usuarios. Las Cookies, son peque\u00f1os ficheros de texto almacenados en su ordenador que permiten conocer sus preferencias y navegaci\u00f3n en nuestro sitio web.<br \/>\nEsta informaci\u00f3n, es almacenada por terceros, como es el caso de Google, en sus servidores de EEUU. Con este contenido, pueden conocer, almacenar y recuperar informaci\u00f3n sobre los h\u00e1bitos de navegaci\u00f3n de un usuario, bas\u00e1ndose en tres puntos:<\/p>\n<ol>\n<li style=\"text-align: justify;\">Datos estad\u00edsticos de su acceso a nuestro sitio web<\/li>\n<li style=\"text-align: justify;\">Elementos de seguridad que intervienen en el control de acceso a las \u00e1reas restringidas.<\/li>\n<li style=\"text-align: justify;\">An\u00e1lisis sobre el dise\u00f1o y funcionalidad de nuestro sitio web.<\/li>\n<\/ol>\n<p style=\"text-align: justify;\">Las Cookies utilizadas normalmente en nuestro sitio web son de tres tipos:<\/p>\n<ol>\n<li style=\"text-align: justify;\">Cookies Publicitarias: Su naturaleza reside en la gesti\u00f3n de espacios publicitarios. Ya sea por nosotros o por terceros, se estudian sus h\u00e1bitos de navegaci\u00f3n para ofertarle una publicidad acorde a lo que usted habitualmente busca.<\/li>\n<li style=\"text-align: justify;\">Cookies Anal\u00edticas: Centran sus objetivos en la obtenci\u00f3n y clasificaci\u00f3n de datos estad\u00edsticos, relativos a los usuarios que acceden al sitio web, b\u00fasquedas, el n\u00famero de veces que han accedido\u2026<\/li>\n<li style=\"text-align: justify;\">Cookies T\u00e9cnicas: Ayudan a mejorar la calidad de los servicios que ofrecemos, adapt\u00e1ndonos a las preferencias del usuario y al uso que hacen del mismo, con el fin de mejorar la oferta de productos o servicios. En funci\u00f3n del vencimiento, podemos clasificarlas seg\u00fan:\n<ol>\n<li style=\"text-align: justify;\">Sesi\u00f3n: Con vencimiento una vez que el usuario sale de la sesi\u00f3n<\/li>\n<li style=\"text-align: justify;\">Servicio: Relacionadas con alg\u00fan servicio personalizado dentro del site, con vencimiento inferior a veinticuatro horas.<\/li>\n<li style=\"text-align: justify;\">Persistentes: Quedan permanentemente instaladas en su navegador y son activadas cada vez que visita nuestra web, siempre y cuando no se desactive su uso.<\/li>\n<\/ol>\n<\/li>\n<\/ol>\n<p style=\"text-align: justify;\">ACEPTACI\u00d3N DE COOKIES<\/p>\n<p style=\"text-align: justify;\">Si usted contin\u00faa su navegaci\u00f3n una vez informado sobre la Pol\u00edtica de Cookies, entenderemos que acepta la utilizaci\u00f3n de las mismas por parte de la web y las distintas aplicaciones. Sin embargo, si usted quiere, puede cambiar la configuraci\u00f3n de cookies en cualquier momento, configurando su navegador para aceptar, o no, los ficheros que recibe o para que el navegador le avise cuando un servidor quiera guardar una cookie.<\/p>\n<p>Comflue le agradece que consienta la aceptaci\u00f3n de cookies, ya que esto nos ayuda a obtener datos m\u00e1s precisos que nos permiten mejorar el contenido y el dise\u00f1o de nuestra p\u00e1gina web y aplicaciones para adaptarlas a sus preferencias.<\/p>\n<p>Al acceder a este sitio web o aplicaci\u00f3n por primera vez, ver\u00e1 una ventana donde se le informa de la utilizaci\u00f3n de las cookies y donde puede consultar esta \u201cPol\u00edtica de cookies\u201d. Si usted consiente la utilizaci\u00f3n de cookies, contin\u00faa navegando o hace clic en alg\u00fan link se entender\u00e1 que usted ha consentido nuestra pol\u00edtica de cookies y por tanto la instalaci\u00f3n de las mismas en su equipo o dispositivo.<\/p>\n","protected":false},"excerpt":{"rendered":"<p>En cumplimiento de la Ley 34\/2002, de 11 de julio, de Servicio de la Sociedad de la Informaci\u00f3n y Comercio Electr\u00f3nico, le informamos que la p\u00e1gina web de Comflue utiliza cookies con el fin de mejorar y facilitar la navegaci\u00f3n de los usuarios. Las Cookies, son peque\u00f1os ficheros de texto almacenados en su ordenador que [&hellip;]<\/p>\n","protected":false},"author":1,"featured_media":0,"parent":0,"menu_order":0,"comment_status":"closed","ping_status":"closed","template":"page-full.php","meta":[],"_links":{"self":[{"href":"https:\/\/comflue.es\/index.php\/wp-json\/wp\/v2\/pages\/263"}],"collection":[{"href":"https:\/\/comflue.es\/index.php\/wp-json\/wp\/v2\/pages"}],"about":[{"href":"https:\/\/comflue.es\/index.php\/wp-json\/wp\/v2\/types\/page"}],"author":[{"embeddable":true,"href":"https:\/\/comflue.es\/index.php\/wp-json\/wp\/v2\/users\/1"}],"replies":[{"embeddable":true,"href":"https:\/\/comflue.es\/index.php\/wp-json\/wp\/v2\/comments?post=263"}],"version-history":[{"count":2,"href":"https:\/\/comflue.es\/index.php\/wp-json\/wp\/v2\/pages\/263\/revisions"}],"predecessor-version":[{"id":266,"href":"https:\/\/comflue.es\/index.php\/wp-json\/wp\/v2\/pages\/263\/revisions\/266"}],"wp:attachment":[{"href":"https:\/\/comflue.es\/index.php\/wp-json\/wp\/v2\/media?parent=263"}],"curies":[{"name":"wp","href":"https:\/\/api.w.org\/{rel}","templated":true}]}}