{"id":40,"date":"2017-08-27T16:07:36","date_gmt":"2017-08-27T16:07:36","guid":{"rendered":"http:\/\/comflue.es\/?page_id=40"},"modified":"2018-09-28T10:09:56","modified_gmt":"2018-09-28T10:09:56","slug":"quienes-somos","status":"publish","type":"page","link":"https:\/\/comflue.es\/index.php\/quienes-somos\/","title":{"rendered":"Quienes somos"},"content":{"rendered":"<p>&nbsp;<\/p>\n<p>Nuestro equipo est\u00e1 formado por profesionales de diferentes \u00e1mbitos que, a trav\u00e9s de la mediaci\u00f3n, sumamos nuestra formaci\u00f3n y experiencia\u00a0 para ponerlas al servicio de las personas.<\/p>\n<p>&nbsp;<\/p>\n<p><img loading=\"lazy\" class=\"alignnone wp-image-215\" src=\"http:\/\/comflue.es\/wp-content\/uploads\/2017\/08\/DSC04658-1-300x201.jpg\" alt=\"\" width=\"396\" height=\"265\" srcset=\"https:\/\/comflue.es\/wp-content\/uploads\/2017\/08\/DSC04658-1-300x201.jpg 300w, https:\/\/comflue.es\/wp-content\/uploads\/2017\/08\/DSC04658-1-768x514.jpg 768w, https:\/\/comflue.es\/wp-content\/uploads\/2017\/08\/DSC04658-1-1024x686.jpg 1024w, https:\/\/comflue.es\/wp-content\/uploads\/2017\/08\/DSC04658-1-140x94.jpg 140w\" sizes=\"(max-width: 396px) 100vw, 396px\" \/><img loading=\"lazy\" class=\"alignnone wp-image-214\" src=\"http:\/\/comflue.es\/wp-content\/uploads\/2017\/08\/DSC04651-1-300x201.jpg\" alt=\"\" width=\"396\" height=\"265\" srcset=\"https:\/\/comflue.es\/wp-content\/uploads\/2017\/08\/DSC04651-1-300x201.jpg 300w, https:\/\/comflue.es\/wp-content\/uploads\/2017\/08\/DSC04651-1-768x514.jpg 768w, https:\/\/comflue.es\/wp-content\/uploads\/2017\/08\/DSC04651-1-1024x685.jpg 1024w, https:\/\/comflue.es\/wp-content\/uploads\/2017\/08\/DSC04651-1-140x94.jpg 140w\" sizes=\"(max-width: 396px) 100vw, 396px\" \/><\/p>\n<p>&nbsp;<\/p>\n<p><strong><u>Crist<\/u><\/strong><strong><u>ina Torrado Tarr\u00edo<\/u><\/strong><\/p>\n<p>Soy psic\u00f3loga y mediadora,<\/p>\n<p>He desarrollado gran parte de mi carrera profesional trabajando como mediadora y coordinadora de diferentes centros y programas de mediaci\u00f3n.<\/p>\n<p>&nbsp;<\/p>\n<p><strong><u>Marta Pintos Magdalena<\/u><\/strong><\/p>\n<p>Soy trabajadora social y mediadora.<\/p>\n<p>Mi experiencia laboral de los \u00faltimos quince a\u00f1os, se centra en el trabajo con familias e infancia en situaciones de crisis.<\/p>\n<p>&nbsp;<\/p>\n<p><strong><u>Reyes Gonz\u00e1lez P\u00e9rez-Quevedo<\/u><\/strong><\/p>\n<p>Soy jurista, mediadora y terapeuta familiar.<\/p>\n<p>Mi desarrollo profesional se dirige hacia la intervenci\u00f3n con personas, familias y colectivos que buscan un acompa\u00f1amiento en sus procesos de cambio.<\/p>\n","protected":false},"excerpt":{"rendered":"<p>&nbsp; Nuestro equipo est\u00e1 formado por profesionales de diferentes \u00e1mbitos que, a trav\u00e9s de la mediaci\u00f3n, sumamos nuestra formaci\u00f3n y experiencia\u00a0 para ponerlas al servicio de las personas. &nbsp; &nbsp; Cristina Torrado Tarr\u00edo Soy psic\u00f3loga y mediadora, He desarrollado gran parte de mi carrera profesional trabajando como mediadora y coordinadora de diferentes centros y programas [&hellip;]<\/p>\n","protected":false},"author":1,"featured_media":147,"parent":0,"menu_order":0,"comment_status":"closed","ping_status":"closed","template":"page-full.php","meta":[],"_links":{"self":[{"href":"https:\/\/comflue.es\/index.php\/wp-json\/wp\/v2\/pages\/40"}],"collection":[{"href":"https:\/\/comflue.es\/index.php\/wp-json\/wp\/v2\/pages"}],"about":[{"href":"https:\/\/comflue.es\/index.php\/wp-json\/wp\/v2\/types\/page"}],"author":[{"embeddable":true,"href":"https:\/\/comflue.es\/index.php\/wp-json\/wp\/v2\/users\/1"}],"replies":[{"embeddable":true,"href":"https:\/\/comflue.es\/index.php\/wp-json\/wp\/v2\/comments?post=40"}],"version-history":[{"count":20,"href":"https:\/\/comflue.es\/index.php\/wp-json\/wp\/v2\/pages\/40\/revisions"}],"predecessor-version":[{"id":291,"href":"https:\/\/comflue.es\/index.php\/wp-json\/wp\/v2\/pages\/40\/revisions\/291"}],"wp:featuredmedia":[{"embeddable":true,"href":"https:\/\/comflue.es\/index.php\/wp-json\/wp\/v2\/media\/147"}],"wp:attachment":[{"href":"https:\/\/comflue.es\/index.php\/wp-json\/wp\/v2\/media?parent=40"}],"curies":[{"name":"wp","href":"https:\/\/api.w.org\/{rel}","templated":true}]}}