{"id":46,"date":"2017-08-27T16:14:20","date_gmt":"2017-08-27T16:14:20","guid":{"rendered":"http:\/\/comflue.es\/?page_id=46"},"modified":"2018-04-22T12:42:19","modified_gmt":"2018-04-22T12:42:19","slug":"mediacion","status":"publish","type":"page","link":"https:\/\/comflue.es\/index.php\/mediacion\/","title":{"rendered":"Mediaci\u00f3n"},"content":{"rendered":"<p style=\"text-align: justify;\"><img loading=\"lazy\" class=\"size-medium wp-image-196 alignright\" src=\"http:\/\/comflue.es\/wp-content\/uploads\/2018\/04\/woods-768753_1920-300x201.jpg\" alt=\"\" width=\"300\" height=\"201\" srcset=\"https:\/\/comflue.es\/wp-content\/uploads\/2018\/04\/woods-768753_1920-300x201.jpg 300w, https:\/\/comflue.es\/wp-content\/uploads\/2018\/04\/woods-768753_1920-768x514.jpg 768w, https:\/\/comflue.es\/wp-content\/uploads\/2018\/04\/woods-768753_1920-1024x685.jpg 1024w, https:\/\/comflue.es\/wp-content\/uploads\/2018\/04\/woods-768753_1920-140x94.jpg 140w, https:\/\/comflue.es\/wp-content\/uploads\/2018\/04\/woods-768753_1920.jpg 1920w\" sizes=\"(max-width: 300px) 100vw, 300px\" \/><\/p>\n<p style=\"text-align: justify;\">Es un hecho, cuando estamos e<span style=\"text-align: justify;\">n co<\/span>nflicto la comunicaci\u00f3n est\u00e1 atascada y sentimos tensi\u00f3n, confusi\u00f3n, inseguridad, enfado, e impotencia por no poder expresar correctamente lo que realmente pensamos. En muchas ocasiones, acudimos a terceras personas o a organismos que deciden por nosotras y nosotros lo que\u00a0debemos hacer, nos dicen qui\u00e9n gana y qui\u00e9n pierde, y esto no siempre soluciona el conflicto o nos satisface.<\/p>\n<p>&nbsp;<\/p>\n<p>&nbsp;<\/p>\n<p style=\"text-align: justify;\"><img loading=\"lazy\" class=\"size-medium wp-image-173 alignleft\" src=\"http:\/\/comflue.es\/wp-content\/uploads\/2017\/09\/Confluir-1-300x200.jpg\" alt=\"\" width=\"300\" height=\"200\" srcset=\"https:\/\/comflue.es\/wp-content\/uploads\/2017\/09\/Confluir-1-300x200.jpg 300w, https:\/\/comflue.es\/wp-content\/uploads\/2017\/09\/Confluir-1-768x512.jpg 768w, https:\/\/comflue.es\/wp-content\/uploads\/2017\/09\/Confluir-1-1024x683.jpg 1024w, https:\/\/comflue.es\/wp-content\/uploads\/2017\/09\/Confluir-1-140x94.jpg 140w, https:\/\/comflue.es\/wp-content\/uploads\/2017\/09\/Confluir-1.jpg 1920w\" sizes=\"(max-width: 300px) 100vw, 300px\" \/><\/p>\n<p style=\"text-align: justify;\">La mediaci\u00f3n crea un espacio de <strong>confidencialidad<\/strong> para que esa comunicaci\u00f3n sea\u00a0clara, eficaz y respetuosa.<\/p>\n<p style=\"text-align: justify;\">Es un <strong>proceso voluntario<\/strong> basado en el di\u00e1logo, en el que las\u00a0mediadoras acompa\u00f1amos y guiamos a las personas intervinientes\u00a0 para que puedan manifestar opiniones y propuestas, a la vez que escuchan, quiz\u00e1 por primera vez, las de la otra parte.<\/p>\n<p style=\"text-align: justify;\">En mediaci\u00f3n son las personas implicadas en el conflicto quienes deciden\u00a0 los temas a tratar y toman las decisiones. Nuestro trabajo como mediadoras es facilitar que puedan expresarse, escucharse y generar ideas nuevas para lograr acuerdos con los que todos y todas ganen.<\/p>\n","protected":false},"excerpt":{"rendered":"<p>Es un hecho, cuando estamos en conflicto la comunicaci\u00f3n est\u00e1 atascada y sentimos tensi\u00f3n, confusi\u00f3n, inseguridad, enfado, e impotencia por no poder expresar correctamente lo que realmente pensamos. En muchas ocasiones, acudimos a terceras personas o a organismos que deciden por nosotras y nosotros lo que\u00a0debemos hacer, nos dicen qui\u00e9n gana y qui\u00e9n pierde, y [&hellip;]<\/p>\n","protected":false},"author":1,"featured_media":0,"parent":0,"menu_order":0,"comment_status":"closed","ping_status":"closed","template":"page-full.php","meta":[],"_links":{"self":[{"href":"https:\/\/comflue.es\/index.php\/wp-json\/wp\/v2\/pages\/46"}],"collection":[{"href":"https:\/\/comflue.es\/index.php\/wp-json\/wp\/v2\/pages"}],"about":[{"href":"https:\/\/comflue.es\/index.php\/wp-json\/wp\/v2\/types\/page"}],"author":[{"embeddable":true,"href":"https:\/\/comflue.es\/index.php\/wp-json\/wp\/v2\/users\/1"}],"replies":[{"embeddable":true,"href":"https:\/\/comflue.es\/index.php\/wp-json\/wp\/v2\/comments?post=46"}],"version-history":[{"count":11,"href":"https:\/\/comflue.es\/index.php\/wp-json\/wp\/v2\/pages\/46\/revisions"}],"predecessor-version":[{"id":235,"href":"https:\/\/comflue.es\/index.php\/wp-json\/wp\/v2\/pages\/46\/revisions\/235"}],"wp:attachment":[{"href":"https:\/\/comflue.es\/index.php\/wp-json\/wp\/v2\/media?parent=46"}],"curies":[{"name":"wp","href":"https:\/\/api.w.org\/{rel}","templated":true}]}}