{"id":65,"date":"2017-09-14T11:30:54","date_gmt":"2017-09-14T11:30:54","guid":{"rendered":"http:\/\/comflue.es\/?page_id=65"},"modified":"2018-04-22T13:18:44","modified_gmt":"2018-04-22T13:18:44","slug":"comflue","status":"publish","type":"page","link":"https:\/\/comflue.es\/index.php\/comflue\/","title":{"rendered":"Comfl\u00fae"},"content":{"rendered":"<p>&nbsp;<\/p>\n<p><em>Confluir:<\/em><br \/>\n<em>1. Juntarse dos o m\u00e1s r\u00edos u otras corrientes de agua.<\/em><br \/>\n<em>2. Juntarse dos o m\u00e1s caminos.<\/em><br \/>\n<em>3. Concurrir en un mismo sitio mucha gente o cosas que vienen de diversas partes.<\/em><br \/>\n<em>4. Coincidir en un mismo fin ideas, circunstancias, prop\u00f3sitos\u2026<\/em><\/p>\n<p>&nbsp;<\/p>\n<p style=\"text-align: justify;\">Comfl\u00fae nace con el prop\u00f3sito de\u00a0<strong>acompa\u00f1ar<\/strong>\u00a0a las personas, familias, grupos y organizaciones en sus procesos de cambio y en la gesti\u00f3n de sus diferencias.<\/p>\n<p style=\"text-align: justify;\">Somos un equipo multidisciplinar de profesionales, que podemos ser ese recurso que necesitas o necesit\u00e1is para crear un modelo de relaci\u00f3n basado en la cooperaci\u00f3n y el di\u00e1logo, respetuoso con las personas y con sus necesidades individuales.<\/p>\n<p style=\"text-align: justify;\">La\u00a0<strong>adaptabilidad<\/strong>\u00a0y la\u00a0<strong>creatividad<\/strong>\u00a0son nuestros valores bandera: aceptamos la realidad de cada caso particular y dise\u00f1amos nuestras intervenciones a medida de sus circunstancias y necesidades.<\/p>\n<p style=\"text-align: justify;\">En Comfl\u00fae so\u00f1amos y trabajamos para que cada persona sea agente de\u00a0<strong>cambio<\/strong>, y lo hacemos porque estamos convencidas de la capacidad de las personas para llegar a conclusiones nuevas.<\/p>\n<p>&nbsp;<\/p>\n","protected":false},"excerpt":{"rendered":"<p>&nbsp; Confluir: 1. Juntarse dos o m\u00e1s r\u00edos u otras corrientes de agua. 2. Juntarse dos o m\u00e1s caminos. 3. Concurrir en un mismo sitio mucha gente o cosas que vienen de diversas partes. 4. Coincidir en un mismo fin ideas, circunstancias, prop\u00f3sitos\u2026 &nbsp; Comfl\u00fae nace con el prop\u00f3sito de\u00a0acompa\u00f1ar\u00a0a las personas, familias, grupos y [&hellip;]<\/p>\n","protected":false},"author":1,"featured_media":185,"parent":0,"menu_order":0,"comment_status":"closed","ping_status":"closed","template":"page-full.php","meta":[],"_links":{"self":[{"href":"https:\/\/comflue.es\/index.php\/wp-json\/wp\/v2\/pages\/65"}],"collection":[{"href":"https:\/\/comflue.es\/index.php\/wp-json\/wp\/v2\/pages"}],"about":[{"href":"https:\/\/comflue.es\/index.php\/wp-json\/wp\/v2\/types\/page"}],"author":[{"embeddable":true,"href":"https:\/\/comflue.es\/index.php\/wp-json\/wp\/v2\/users\/1"}],"replies":[{"embeddable":true,"href":"https:\/\/comflue.es\/index.php\/wp-json\/wp\/v2\/comments?post=65"}],"version-history":[{"count":10,"href":"https:\/\/comflue.es\/index.php\/wp-json\/wp\/v2\/pages\/65\/revisions"}],"predecessor-version":[{"id":200,"href":"https:\/\/comflue.es\/index.php\/wp-json\/wp\/v2\/pages\/65\/revisions\/200"}],"wp:featuredmedia":[{"embeddable":true,"href":"https:\/\/comflue.es\/index.php\/wp-json\/wp\/v2\/media\/185"}],"wp:attachment":[{"href":"https:\/\/comflue.es\/index.php\/wp-json\/wp\/v2\/media?parent=65"}],"curies":[{"name":"wp","href":"https:\/\/api.w.org\/{rel}","templated":true}]}}