{"id":70,"date":"2017-09-14T11:30:54","date_gmt":"2017-09-14T11:30:54","guid":{"rendered":"http:\/\/comflue.es\/?page_id=70"},"modified":"2018-04-22T12:49:35","modified_gmt":"2018-04-22T12:49:35","slug":"formacion","status":"publish","type":"page","link":"https:\/\/comflue.es\/index.php\/formacion\/","title":{"rendered":"Formaci\u00f3n"},"content":{"rendered":"<p><img loading=\"lazy\" class=\"size-medium wp-image-155 alignright\" src=\"http:\/\/comflue.es\/wp-content\/uploads\/2017\/09\/footsteps-1697220_1920-e1506101078136-300x133.jpg\" alt=\"\" width=\"300\" height=\"133\" srcset=\"https:\/\/comflue.es\/wp-content\/uploads\/2017\/09\/footsteps-1697220_1920-e1506101078136-300x133.jpg 300w, https:\/\/comflue.es\/wp-content\/uploads\/2017\/09\/footsteps-1697220_1920-e1506101078136-768x339.jpg 768w, https:\/\/comflue.es\/wp-content\/uploads\/2017\/09\/footsteps-1697220_1920-e1506101078136-1024x452.jpg 1024w, https:\/\/comflue.es\/wp-content\/uploads\/2017\/09\/footsteps-1697220_1920-e1506101078136.jpg 1867w\" sizes=\"(max-width: 300px) 100vw, 300px\" \/><\/p>\n<p style=\"text-align: justify;\">Planificamos y desarrollamos programas formativos para particulares, grupos y organizaciones p\u00fablicas y privadas, orientados a la capacitaci\u00f3n en la autogesti\u00f3n y prevenci\u00f3n de conflictos as\u00ed como en el desarrollo de habilidades pro-sociales.<\/p>\n<p style=\"text-align: justify;\">Desde la flexibilidad como un valor fundamental en nuestro trabajo, dise\u00f1amos acciones que se adapten a la realidad y a las necesidades de cada cliente, siempre con el objetivo de favorecer un modelo de relaci\u00f3n fundamentado en la cooperaci\u00f3n y el di\u00e1logo.<\/p>\n<p style=\"text-align: justify;\"><img loading=\"lazy\" class=\"wp-image-194 alignleft\" src=\"http:\/\/comflue.es\/wp-content\/uploads\/2018\/04\/russn_fckr-66974-300x169.jpg\" alt=\"\" width=\"190\" height=\"107\" srcset=\"https:\/\/comflue.es\/wp-content\/uploads\/2018\/04\/russn_fckr-66974-300x169.jpg 300w, https:\/\/comflue.es\/wp-content\/uploads\/2018\/04\/russn_fckr-66974-768x432.jpg 768w, https:\/\/comflue.es\/wp-content\/uploads\/2018\/04\/russn_fckr-66974-1024x576.jpg 1024w, https:\/\/comflue.es\/wp-content\/uploads\/2018\/04\/russn_fckr-66974-136x77.jpg 136w\" sizes=\"(max-width: 190px) 100vw, 190px\" \/>Nuestras intervenciones se basan en el uso de metodolog\u00edas participativas que permitan la experimentaci\u00f3n activa -tanto individual como grupal- de los contenidos de cada programa.<\/p>\n<p>&nbsp;<\/p>\n","protected":false},"excerpt":{"rendered":"<p>Planificamos y desarrollamos programas formativos para particulares, grupos y organizaciones p\u00fablicas y privadas, orientados a la capacitaci\u00f3n en la autogesti\u00f3n y prevenci\u00f3n de conflictos as\u00ed como en el desarrollo de habilidades pro-sociales. Desde la flexibilidad como un valor fundamental en nuestro trabajo, dise\u00f1amos acciones que se adapten a la realidad y a las necesidades de [&hellip;]<\/p>\n","protected":false},"author":1,"featured_media":0,"parent":0,"menu_order":0,"comment_status":"closed","ping_status":"closed","template":"page-full.php","meta":[],"_links":{"self":[{"href":"https:\/\/comflue.es\/index.php\/wp-json\/wp\/v2\/pages\/70"}],"collection":[{"href":"https:\/\/comflue.es\/index.php\/wp-json\/wp\/v2\/pages"}],"about":[{"href":"https:\/\/comflue.es\/index.php\/wp-json\/wp\/v2\/types\/page"}],"author":[{"embeddable":true,"href":"https:\/\/comflue.es\/index.php\/wp-json\/wp\/v2\/users\/1"}],"replies":[{"embeddable":true,"href":"https:\/\/comflue.es\/index.php\/wp-json\/wp\/v2\/comments?post=70"}],"version-history":[{"count":7,"href":"https:\/\/comflue.es\/index.php\/wp-json\/wp\/v2\/pages\/70\/revisions"}],"predecessor-version":[{"id":241,"href":"https:\/\/comflue.es\/index.php\/wp-json\/wp\/v2\/pages\/70\/revisions\/241"}],"wp:attachment":[{"href":"https:\/\/comflue.es\/index.php\/wp-json\/wp\/v2\/media?parent=70"}],"curies":[{"name":"wp","href":"https:\/\/api.w.org\/{rel}","templated":true}]}}