{"id":91,"date":"2017-09-14T11:49:49","date_gmt":"2017-09-14T11:49:49","guid":{"rendered":"http:\/\/comflue.es\/?page_id=91"},"modified":"2017-09-22T17:12:33","modified_gmt":"2017-09-22T17:12:33","slug":"personas","status":"publish","type":"page","link":"https:\/\/comflue.es\/index.php\/personas\/","title":{"rendered":"Personas"},"content":{"rendered":"<h3><\/h3>\n<h3><\/h3>\n<h3><\/h3>\n<h4><span style=\"color: #0064e0;\">Particulares<\/span><\/h4>\n<hr \/>\n<p><img loading=\"lazy\" class=\"alignleft wp-image-128 size-medium\" src=\"http:\/\/comflue.es\/wp-content\/uploads\/2017\/09\/DIFICULTADES-300x200.jpeg\" alt=\"\" width=\"300\" height=\"200\" srcset=\"https:\/\/comflue.es\/wp-content\/uploads\/2017\/09\/DIFICULTADES-300x200.jpeg 300w, https:\/\/comflue.es\/wp-content\/uploads\/2017\/09\/DIFICULTADES-768x512.jpeg 768w, https:\/\/comflue.es\/wp-content\/uploads\/2017\/09\/DIFICULTADES-1024x683.jpeg 1024w, https:\/\/comflue.es\/wp-content\/uploads\/2017\/09\/DIFICULTADES-140x94.jpeg 140w\" sizes=\"(max-width: 300px) 100vw, 300px\" \/>Asesoramiento en la prevenci\u00f3n y gesti\u00f3n de conflictos.<\/p>\n<p>Acompa\u00f1amiento en procesos de cambio.<\/p>\n<p>Dise\u00f1o de actividades formativas para el crecimiento personal.<\/p>\n<p>&nbsp;<\/p>\n<p>&nbsp;<\/p>\n<h4 style=\"text-align: right;\"><span style=\"color: #0064e0;\">Profesionales<\/span><\/h4>\n<hr \/>\n<h4><img loading=\"lazy\" class=\"size-medium wp-image-138 alignright\" src=\"http:\/\/comflue.es\/wp-content\/uploads\/2017\/09\/purse-407176_1920-300x200.jpg\" alt=\"\" width=\"300\" height=\"200\" srcset=\"https:\/\/comflue.es\/wp-content\/uploads\/2017\/09\/purse-407176_1920-300x200.jpg 300w, https:\/\/comflue.es\/wp-content\/uploads\/2017\/09\/purse-407176_1920-768x512.jpg 768w, https:\/\/comflue.es\/wp-content\/uploads\/2017\/09\/purse-407176_1920-1024x683.jpg 1024w, https:\/\/comflue.es\/wp-content\/uploads\/2017\/09\/purse-407176_1920-140x94.jpg 140w, https:\/\/comflue.es\/wp-content\/uploads\/2017\/09\/purse-407176_1920.jpg 1920w\" sizes=\"(max-width: 300px) 100vw, 300px\" \/><\/h4>\n<p style=\"text-align: left;\">Actividades formativas orientadas a la mejora de competencias\u00a0en la gesti\u00f3n de grupos y personas.<\/p>\n<p>Actividades formativas en mediaci\u00f3n y gesti\u00f3n de conflictos.<\/p>\n","protected":false},"excerpt":{"rendered":"<p>Particulares Asesoramiento en la prevenci\u00f3n y gesti\u00f3n de conflictos. Acompa\u00f1amiento en procesos de cambio. Dise\u00f1o de actividades formativas para el crecimiento personal. &nbsp; &nbsp; Profesionales Actividades formativas orientadas a la mejora de competencias\u00a0en la gesti\u00f3n de grupos y personas. Actividades formativas en mediaci\u00f3n y gesti\u00f3n de conflictos.<\/p>\n","protected":false},"author":1,"featured_media":0,"parent":0,"menu_order":0,"comment_status":"closed","ping_status":"closed","template":"page-full.php","meta":[],"_links":{"self":[{"href":"https:\/\/comflue.es\/index.php\/wp-json\/wp\/v2\/pages\/91"}],"collection":[{"href":"https:\/\/comflue.es\/index.php\/wp-json\/wp\/v2\/pages"}],"about":[{"href":"https:\/\/comflue.es\/index.php\/wp-json\/wp\/v2\/types\/page"}],"author":[{"embeddable":true,"href":"https:\/\/comflue.es\/index.php\/wp-json\/wp\/v2\/users\/1"}],"replies":[{"embeddable":true,"href":"https:\/\/comflue.es\/index.php\/wp-json\/wp\/v2\/comments?post=91"}],"version-history":[{"count":8,"href":"https:\/\/comflue.es\/index.php\/wp-json\/wp\/v2\/pages\/91\/revisions"}],"predecessor-version":[{"id":168,"href":"https:\/\/comflue.es\/index.php\/wp-json\/wp\/v2\/pages\/91\/revisions\/168"}],"wp:attachment":[{"href":"https:\/\/comflue.es\/index.php\/wp-json\/wp\/v2\/media?parent=91"}],"curies":[{"name":"wp","href":"https:\/\/api.w.org\/{rel}","templated":true}]}}