{"id":94,"date":"2017-09-14T11:49:49","date_gmt":"2017-09-14T11:49:49","guid":{"rendered":"http:\/\/comflue.es\/?page_id=94"},"modified":"2017-09-22T17:15:31","modified_gmt":"2017-09-22T17:15:31","slug":"grupos","status":"publish","type":"page","link":"https:\/\/comflue.es\/index.php\/grupos\/","title":{"rendered":"Grupos"},"content":{"rendered":"<h4><\/h4>\n<h4><\/h4>\n<h4><span style=\"color: #0064e0;\">Organizaciones \u00a0 \u00a0 \u00a0<\/span><\/h4>\n<hr \/>\n<h4><img loading=\"lazy\" class=\"wp-image-137 size-medium alignright\" src=\"http:\/\/comflue.es\/wp-content\/uploads\/2017\/09\/gary-bendig-192233-300x200.jpg\" alt=\"\" width=\"300\" height=\"200\" srcset=\"https:\/\/comflue.es\/wp-content\/uploads\/2017\/09\/gary-bendig-192233-300x200.jpg 300w, https:\/\/comflue.es\/wp-content\/uploads\/2017\/09\/gary-bendig-192233-768x512.jpg 768w, https:\/\/comflue.es\/wp-content\/uploads\/2017\/09\/gary-bendig-192233-1024x683.jpg 1024w, https:\/\/comflue.es\/wp-content\/uploads\/2017\/09\/gary-bendig-192233-140x94.jpg 140w\" sizes=\"(max-width: 300px) 100vw, 300px\" \/><\/h4>\n<p>Acciones para la mejora del ambiente laboral.<\/p>\n<p>Acompa\u00f1amiento en procesos de cambio, toma de decisiones y en el manejo de las diferencias.<\/p>\n<p>Intervenci\u00f3n en gesti\u00f3n de conflictos.<\/p>\n<p>Acciones formativas para el fortalecimiento de equipos, la gesti\u00f3n de la convivencia y la mejora de sus procesos.<\/p>\n<p>&nbsp;<\/p>\n<p>&nbsp;<\/p>\n<h4><\/h4>\n<h4 style=\"text-align: right;\"><span style=\"color: #0064e0;\">Centros educativos<\/span><\/h4>\n<hr \/>\n<h4 style=\"text-align: right;\"><\/h4>\n<h4><img loading=\"lazy\" class=\"alignnone size-medium wp-image-142 alignleft\" src=\"http:\/\/comflue.es\/wp-content\/uploads\/2017\/09\/people-2616695_1920-300x200.jpg\" alt=\"\" width=\"300\" height=\"200\" srcset=\"https:\/\/comflue.es\/wp-content\/uploads\/2017\/09\/people-2616695_1920-300x200.jpg 300w, https:\/\/comflue.es\/wp-content\/uploads\/2017\/09\/people-2616695_1920-768x512.jpg 768w, https:\/\/comflue.es\/wp-content\/uploads\/2017\/09\/people-2616695_1920-1024x683.jpg 1024w, https:\/\/comflue.es\/wp-content\/uploads\/2017\/09\/people-2616695_1920-140x94.jpg 140w, https:\/\/comflue.es\/wp-content\/uploads\/2017\/09\/people-2616695_1920.jpg 1920w\" sizes=\"(max-width: 300px) 100vw, 300px\" \/><\/h4>\n<p style=\"text-align: right;\">Dise\u00f1o e implementaci\u00f3n de programas de prevenci\u00f3n del conflicto y de gesti\u00f3n de la convivencia.<\/p>\n<p style=\"text-align: right;\">Intervenci\u00f3n en situaciones conflictivas.<\/p>\n<p style=\"text-align: right;\">Dise\u00f1o de actividades formativas para profesorado, alumnado y ANPAs.<\/p>\n<p>&nbsp;<\/p>\n<p>&nbsp;<\/p>\n<p>&nbsp;<\/p>\n<h4><span style=\"color: #0064e0;\">Agrupaciones comunitarias<\/span><\/h4>\n<hr \/>\n<h4><img loading=\"lazy\" class=\"wp-image-143 size-medium alignright\" src=\"http:\/\/comflue.es\/wp-content\/uploads\/2017\/09\/annie-spratt-52112-300x200.jpg\" alt=\"\" width=\"300\" height=\"200\" srcset=\"https:\/\/comflue.es\/wp-content\/uploads\/2017\/09\/annie-spratt-52112-300x200.jpg 300w, https:\/\/comflue.es\/wp-content\/uploads\/2017\/09\/annie-spratt-52112-768x511.jpg 768w, https:\/\/comflue.es\/wp-content\/uploads\/2017\/09\/annie-spratt-52112-1024x682.jpg 1024w, https:\/\/comflue.es\/wp-content\/uploads\/2017\/09\/annie-spratt-52112-140x94.jpg 140w\" sizes=\"(max-width: 300px) 100vw, 300px\" \/><\/h4>\n<p>Desarrollo de procesos participativos y programas de gesti\u00f3n del conflicto.<\/p>\n<p>Acompa\u00f1amiento \u00a0en procesos de toma de decisiones y de gesti\u00f3n del cambio.<\/p>\n<p>Dise\u00f1o de formaciones enfocadas a la capacitaci\u00f3n de las y los miembros de la comunidad en gesti\u00f3n de conflictos, habilidades socio-afectivas e igualdad.<\/p>\n","protected":false},"excerpt":{"rendered":"<p>Organizaciones \u00a0 \u00a0 \u00a0 Acciones para la mejora del ambiente laboral. Acompa\u00f1amiento en procesos de cambio, toma de decisiones y en el manejo de las diferencias. Intervenci\u00f3n en gesti\u00f3n de conflictos. Acciones formativas para el fortalecimiento de equipos, la gesti\u00f3n de la convivencia y la mejora de sus procesos. &nbsp; &nbsp; Centros educativos Dise\u00f1o e [&hellip;]<\/p>\n","protected":false},"author":1,"featured_media":0,"parent":0,"menu_order":0,"comment_status":"closed","ping_status":"closed","template":"page-full.php","meta":[],"_links":{"self":[{"href":"https:\/\/comflue.es\/index.php\/wp-json\/wp\/v2\/pages\/94"}],"collection":[{"href":"https:\/\/comflue.es\/index.php\/wp-json\/wp\/v2\/pages"}],"about":[{"href":"https:\/\/comflue.es\/index.php\/wp-json\/wp\/v2\/types\/page"}],"author":[{"embeddable":true,"href":"https:\/\/comflue.es\/index.php\/wp-json\/wp\/v2\/users\/1"}],"replies":[{"embeddable":true,"href":"https:\/\/comflue.es\/index.php\/wp-json\/wp\/v2\/comments?post=94"}],"version-history":[{"count":5,"href":"https:\/\/comflue.es\/index.php\/wp-json\/wp\/v2\/pages\/94\/revisions"}],"predecessor-version":[{"id":145,"href":"https:\/\/comflue.es\/index.php\/wp-json\/wp\/v2\/pages\/94\/revisions\/145"}],"wp:attachment":[{"href":"https:\/\/comflue.es\/index.php\/wp-json\/wp\/v2\/media?parent=94"}],"curies":[{"name":"wp","href":"https:\/\/api.w.org\/{rel}","templated":true}]}}